{"id":515,"date":"2023-10-17T16:22:39","date_gmt":"2023-10-17T16:22:39","guid":{"rendered":"https:\/\/app.asebier.org\/?page_id=515"},"modified":"2025-05-23T13:53:41","modified_gmt":"2025-05-23T13:53:41","slug":"bizum","status":"publish","type":"page","link":"https:\/\/www.asebier.org\/?page_id=515","title":{"rendered":"Bizum"},"content":{"rendered":"\t\t<div data-elementor-type=\"wp-page\" data-elementor-id=\"515\" class=\"elementor elementor-515\">\n\t\t\t\t<div class=\"elementor-element elementor-element-1ef011de e-flex e-con-boxed e-con e-parent\" data-id=\"1ef011de\" data-element_type=\"container\" data-e-type=\"container\">\n\t\t\t\t\t<div class=\"e-con-inner\">\n\t\t\t\t<div class=\"elementor-element elementor-element-57eb3614 elementor-widget elementor-widget-text-editor\" data-id=\"57eb3614\" data-element_type=\"widget\" data-e-type=\"widget\" data-widget_type=\"text-editor.default\">\n\t\t\t\t<div class=\"elementor-widget-container\">\n\t\t\t\t\t\t\t\t\t\n<h3 class=\"wp-block-heading\">\u00bfC\u00f3mo realizar una donaci\u00f3n a ASEBIER con Bizum?<\/h3>\n\n<p>Podr\u00e1s hacerlo en s\u00f3lo tres pasos, es muy sencillo:<\/p>\n\n<ol class=\"wp-block-list\">\n<li><strong>Activa Bizum.<\/strong> Si a\u00fan no lo tienes desc\u00e1rgate la app de tu banco, reg\u00edstrate y busca la opci\u00f3n\u00a0<strong>Bizum.<\/strong>\u00a0Encontrar\u00e1s la opci\u00f3n de env\u00edo a ONG dentro.<\/li>\n\n<li><strong>C\u00f3digo de env\u00edo<\/strong>. Selecciona\u00a0<strong>ASEBIER\u00a0<\/strong>o introduce el c\u00f3digo\u00a0<strong>06342<\/strong>.<\/li>\n\n<li><strong>Introduce la cantidad<\/strong>\u00a0con la que quieras contribuir y pulsa enviar. Recibiremos tu dinero en ese mismo momento.<\/li>\n<\/ol>\n\n<p>Recuerda si quieres solicitar el certificado de donaciones, especialmente de cara a la declaraci\u00f3n de la renta, ser\u00e1 necesario que nos env\u00edes un mail a<mark class=\"has-inline-color has-neve-text-color-color\" style=\"background-color: var(--nv-text-dark-bg);\"> <\/mark><a href=\"mailto:info@asebier.org\" target=\"_blank\" rel=\"noreferrer noopener\"><mark class=\"has-inline-color has-nv-dark-bg-color\" style=\"background-color: rgba(0, 0, 0, 0);\"><strong>info@asebier.org<\/strong><\/mark><\/a><mark class=\"has-inline-color has-neve-text-color-color\" style=\"background-color: var(--nv-text-dark-bg);\"> <\/mark>con los siguientes datos: Nombre y apellidos, N\u00famero de DNI, Direcci\u00f3n postal, Correo electr\u00f3nico e Importe donado.<\/p>\n\n<p>\u00a0<\/p>\n\n<p>\u00a0<\/p>\n\n<p>\u00a0<\/p>\n\t\t\t\t\t\t\t\t<\/div>\n\t\t\t\t<\/div>\n\t\t\t\t\t<\/div>\n\t\t\t\t<\/div>\n\t\t\t\t<\/div>\n\t\t","protected":false},"excerpt":{"rendered":"<p>\u00bfC\u00f3mo realizar una donaci\u00f3n a ASEBIER con Bizum? Podr\u00e1s hacerlo en s\u00f3lo tres pasos, es muy sencillo: Recuerda si quieres solicitar el certificado de donaciones, especialmente de cara a la&hellip;&nbsp;<a href=\"https:\/\/www.asebier.org\/?page_id=515\" class=\"\" rel=\"bookmark\">Leer m\u00e1s &raquo;<span class=\"screen-reader-text\">Bizum<\/span><\/a><\/p>\n","protected":false},"author":2,"featured_media":0,"parent":0,"menu_order":0,"comment_status":"closed","ping_status":"closed","template":"","meta":{"neve_meta_sidebar":"","neve_meta_container":"","neve_meta_enable_content_width":"","neve_meta_content_width":0,"neve_meta_title_alignment":"","neve_meta_author_avatar":"","neve_post_elements_order":"","neve_meta_disable_header":"","neve_meta_disable_footer":"","neve_meta_disable_title":"","footnotes":""},"class_list":["post-515","page","type-page","status-publish","hentry"],"yoast_head":"<!-- This site is optimized with the Yoast SEO plugin v27.5 - https:\/\/yoast.com\/product\/yoast-seo-wordpress\/ -->\n<title>Bizum - ASEBIER<\/title>\n<meta name=\"robots\" content=\"index, follow, max-snippet:-1, max-image-preview:large, max-video-preview:-1\" \/>\n<link rel=\"canonical\" href=\"https:\/\/www.asebier.org\/?page_id=515\" \/>\n<meta property=\"og:locale\" content=\"es_ES\" \/>\n<meta property=\"og:type\" content=\"article\" \/>\n<meta property=\"og:title\" content=\"Bizum - ASEBIER\" \/>\n<meta property=\"og:description\" content=\"\u00bfC\u00f3mo realizar una donaci\u00f3n a ASEBIER con Bizum? Podr\u00e1s hacerlo en s\u00f3lo tres pasos, es muy sencillo: Recuerda si quieres solicitar el certificado de donaciones, especialmente de cara a la&hellip;&nbsp;Leer m\u00e1s &raquo;Bizum\" \/>\n<meta property=\"og:url\" content=\"https:\/\/www.asebier.org\/?page_id=515\" \/>\n<meta property=\"og:site_name\" content=\"ASEBIER\" \/>\n<meta property=\"article:modified_time\" content=\"2025-05-23T13:53:41+00:00\" \/>\n<meta name=\"twitter:card\" content=\"summary_large_image\" \/>\n<meta name=\"twitter:label1\" content=\"Tiempo de lectura\" \/>\n\t<meta name=\"twitter:data1\" content=\"1 minuto\" \/>\n<script type=\"application\/ld+json\" class=\"yoast-schema-graph\">{\"@context\":\"https:\\\/\\\/schema.org\",\"@graph\":[{\"@type\":\"WebPage\",\"@id\":\"https:\\\/\\\/www.asebier.org\\\/?page_id=515\",\"url\":\"https:\\\/\\\/www.asebier.org\\\/?page_id=515\",\"name\":\"Bizum - ASEBIER\",\"isPartOf\":{\"@id\":\"https:\\\/\\\/www.asebier.org\\\/#website\"},\"datePublished\":\"2023-10-17T16:22:39+00:00\",\"dateModified\":\"2025-05-23T13:53:41+00:00\",\"breadcrumb\":{\"@id\":\"https:\\\/\\\/www.asebier.org\\\/?page_id=515#breadcrumb\"},\"inLanguage\":\"es\",\"potentialAction\":[{\"@type\":\"ReadAction\",\"target\":[\"https:\\\/\\\/www.asebier.org\\\/?page_id=515\"]}]},{\"@type\":\"BreadcrumbList\",\"@id\":\"https:\\\/\\\/www.asebier.org\\\/?page_id=515#breadcrumb\",\"itemListElement\":[{\"@type\":\"ListItem\",\"position\":1,\"name\":\"Portada\",\"item\":\"https:\\\/\\\/www.asebier.org\\\/\"},{\"@type\":\"ListItem\",\"position\":2,\"name\":\"Bizum\"}]},{\"@type\":\"WebSite\",\"@id\":\"https:\\\/\\\/www.asebier.org\\\/#website\",\"url\":\"https:\\\/\\\/www.asebier.org\\\/\",\"name\":\"ASEBIER\",\"description\":\"Asociaci\u00f3n Euskadi Elkartea Enfermedades Raras EBH\",\"publisher\":{\"@id\":\"https:\\\/\\\/www.asebier.org\\\/#organization\"},\"potentialAction\":[{\"@type\":\"SearchAction\",\"target\":{\"@type\":\"EntryPoint\",\"urlTemplate\":\"https:\\\/\\\/www.asebier.org\\\/?s={search_term_string}\"},\"query-input\":{\"@type\":\"PropertyValueSpecification\",\"valueRequired\":true,\"valueName\":\"search_term_string\"}}],\"inLanguage\":\"es\"},{\"@type\":\"Organization\",\"@id\":\"https:\\\/\\\/www.asebier.org\\\/#organization\",\"name\":\"ASEBIER\",\"url\":\"https:\\\/\\\/www.asebier.org\\\/\",\"logo\":{\"@type\":\"ImageObject\",\"inLanguage\":\"es\",\"@id\":\"https:\\\/\\\/www.asebier.org\\\/#\\\/schema\\\/logo\\\/image\\\/\",\"url\":\"https:\\\/\\\/www.asebier.org\\\/wp-content\\\/uploads\\\/2023\\\/11\\\/logo_asebier.png\",\"contentUrl\":\"https:\\\/\\\/www.asebier.org\\\/wp-content\\\/uploads\\\/2023\\\/11\\\/logo_asebier.png\",\"width\":595,\"height\":420,\"caption\":\"ASEBIER\"},\"image\":{\"@id\":\"https:\\\/\\\/www.asebier.org\\\/#\\\/schema\\\/logo\\\/image\\\/\"}}]}<\/script>\n<!-- \/ Yoast SEO plugin. -->","yoast_head_json":{"title":"Bizum - ASEBIER","robots":{"index":"index","follow":"follow","max-snippet":"max-snippet:-1","max-image-preview":"max-image-preview:large","max-video-preview":"max-video-preview:-1"},"canonical":"https:\/\/www.asebier.org\/?page_id=515","og_locale":"es_ES","og_type":"article","og_title":"Bizum - ASEBIER","og_description":"\u00bfC\u00f3mo realizar una donaci\u00f3n a ASEBIER con Bizum? Podr\u00e1s hacerlo en s\u00f3lo tres pasos, es muy sencillo: Recuerda si quieres solicitar el certificado de donaciones, especialmente de cara a la&hellip;&nbsp;Leer m\u00e1s &raquo;Bizum","og_url":"https:\/\/www.asebier.org\/?page_id=515","og_site_name":"ASEBIER","article_modified_time":"2025-05-23T13:53:41+00:00","twitter_card":"summary_large_image","twitter_misc":{"Tiempo de lectura":"1 minuto"},"schema":{"@context":"https:\/\/schema.org","@graph":[{"@type":"WebPage","@id":"https:\/\/www.asebier.org\/?page_id=515","url":"https:\/\/www.asebier.org\/?page_id=515","name":"Bizum - ASEBIER","isPartOf":{"@id":"https:\/\/www.asebier.org\/#website"},"datePublished":"2023-10-17T16:22:39+00:00","dateModified":"2025-05-23T13:53:41+00:00","breadcrumb":{"@id":"https:\/\/www.asebier.org\/?page_id=515#breadcrumb"},"inLanguage":"es","potentialAction":[{"@type":"ReadAction","target":["https:\/\/www.asebier.org\/?page_id=515"]}]},{"@type":"BreadcrumbList","@id":"https:\/\/www.asebier.org\/?page_id=515#breadcrumb","itemListElement":[{"@type":"ListItem","position":1,"name":"Portada","item":"https:\/\/www.asebier.org\/"},{"@type":"ListItem","position":2,"name":"Bizum"}]},{"@type":"WebSite","@id":"https:\/\/www.asebier.org\/#website","url":"https:\/\/www.asebier.org\/","name":"ASEBIER","description":"Asociaci\u00f3n Euskadi Elkartea Enfermedades Raras EBH","publisher":{"@id":"https:\/\/www.asebier.org\/#organization"},"potentialAction":[{"@type":"SearchAction","target":{"@type":"EntryPoint","urlTemplate":"https:\/\/www.asebier.org\/?s={search_term_string}"},"query-input":{"@type":"PropertyValueSpecification","valueRequired":true,"valueName":"search_term_string"}}],"inLanguage":"es"},{"@type":"Organization","@id":"https:\/\/www.asebier.org\/#organization","name":"ASEBIER","url":"https:\/\/www.asebier.org\/","logo":{"@type":"ImageObject","inLanguage":"es","@id":"https:\/\/www.asebier.org\/#\/schema\/logo\/image\/","url":"https:\/\/www.asebier.org\/wp-content\/uploads\/2023\/11\/logo_asebier.png","contentUrl":"https:\/\/www.asebier.org\/wp-content\/uploads\/2023\/11\/logo_asebier.png","width":595,"height":420,"caption":"ASEBIER"},"image":{"@id":"https:\/\/www.asebier.org\/#\/schema\/logo\/image\/"}}]}},"_links":{"self":[{"href":"https:\/\/www.asebier.org\/index.php?rest_route=\/wp\/v2\/pages\/515","targetHints":{"allow":["GET"]}}],"collection":[{"href":"https:\/\/www.asebier.org\/index.php?rest_route=\/wp\/v2\/pages"}],"about":[{"href":"https:\/\/www.asebier.org\/index.php?rest_route=\/wp\/v2\/types\/page"}],"author":[{"embeddable":true,"href":"https:\/\/www.asebier.org\/index.php?rest_route=\/wp\/v2\/users\/2"}],"replies":[{"embeddable":true,"href":"https:\/\/www.asebier.org\/index.php?rest_route=%2Fwp%2Fv2%2Fcomments&post=515"}],"version-history":[{"count":9,"href":"https:\/\/www.asebier.org\/index.php?rest_route=\/wp\/v2\/pages\/515\/revisions"}],"predecessor-version":[{"id":1600,"href":"https:\/\/www.asebier.org\/index.php?rest_route=\/wp\/v2\/pages\/515\/revisions\/1600"}],"wp:attachment":[{"href":"https:\/\/www.asebier.org\/index.php?rest_route=%2Fwp%2Fv2%2Fmedia&parent=515"}],"curies":[{"name":"wp","href":"https:\/\/api.w.org\/{rel}","templated":true}]}}